{"id":344,"date":"2023-09-29T16:29:28","date_gmt":"2023-09-29T16:29:28","guid":{"rendered":"https:\/\/technoland4x4.fr\/?page_id=344"},"modified":"2023-11-14T17:02:59","modified_gmt":"2023-11-14T15:02:59","slug":"atelier-mecanique","status":"publish","type":"page","link":"https:\/\/technoland4x4.fr\/index.php\/atelier-mecanique\/","title":{"rendered":"Atelier m\u00e9canique"},"content":{"rendered":"\n<div class=\"wp-block-cover alignfull\" style=\"min-height:252px\"><span aria-hidden=\"true\" class=\"wp-block-cover__background has-nv-site-bg-background-color has-background-dim-100 has-background-dim\"><\/span><div class=\"wp-block-cover__inner-container is-layout-flow wp-block-cover-is-layout-flow\">\n<div class=\"wp-block-group is-layout-flow wp-block-group-is-layout-flow\"><div class=\"wp-block-group__inner-container\">\n<div class=\"wp-block-columns are-vertically-aligned-center is-layout-flex wp-container-2 wp-block-columns-is-layout-flex\">\n<div class=\"wp-block-column is-vertically-aligned-center is-layout-flow wp-block-column-is-layout-flow\" style=\"flex-basis:70%\">\n<p><\/p>\n\n\n\n<h1 class=\"wp-block-heading has-text-align-left has-neve-text-color-color has-text-color\"><mark style=\"background-color:rgba(0, 0, 0, 0);color:#01572d\" class=\"has-inline-color\">Atelier m\u00e9canique<\/mark><\/h1>\n<\/div>\n<\/div>\n<\/div><\/div>\n\n\n\n<div class=\"wp-block-columns is-layout-flex wp-container-5 wp-block-columns-is-layout-flex\">\n<div class=\"wp-block-column is-layout-flow wp-block-column-is-layout-flow\"><\/div>\n<\/div>\n<\/div><\/div>\n\n\n\n<div class=\"wp-block-cover alignfull\" style=\"min-height:600px\"><span aria-hidden=\"true\" class=\"wp-block-cover__background has-nv-light-bg-background-color has-background-dim-100 has-background-dim\"><\/span><div class=\"wp-block-cover__inner-container is-layout-flow wp-block-cover-is-layout-flow\">\n<div class=\"wp-block-group is-layout-flow wp-block-group-is-layout-flow\"><div class=\"wp-block-group__inner-container\">\n<div style=\"height:80px\" aria-hidden=\"true\" class=\"wp-block-spacer\"><\/div>\n\n\n\n<div class=\"wp-block-columns is-layout-flex wp-container-9 wp-block-columns-is-layout-flex\">\n<div class=\"wp-block-column is-layout-flow wp-block-column-is-layout-flow\" style=\"flex-basis:66.79%\">\n<div style=\"height:100px\" aria-hidden=\"true\" class=\"wp-block-spacer\"><\/div>\n\n\n\n<figure class=\"wp-block-image size-full is-resized is-style-default\"><img decoding=\"async\" loading=\"lazy\" width=\"1024\" height=\"490\" src=\"https:\/\/technoland4x4.fr\/wp-content\/uploads\/2023\/09\/20220224_110558-1024x490-1.jpg\" alt=\"\" class=\"wp-image-480\" style=\"width:695px;height:undefinedpx\" srcset=\"https:\/\/technoland4x4.fr\/wp-content\/uploads\/2023\/09\/20220224_110558-1024x490-1.jpg 1024w, https:\/\/technoland4x4.fr\/wp-content\/uploads\/2023\/09\/20220224_110558-1024x490-1-300x144.jpg 300w, https:\/\/technoland4x4.fr\/wp-content\/uploads\/2023\/09\/20220224_110558-1024x490-1-768x368.jpg 768w\" sizes=\"(max-width: 1024px) 100vw, 1024px\" \/><\/figure>\n\n\n\n<div style=\"height:40px\" aria-hidden=\"true\" class=\"wp-block-spacer\"><\/div>\n<\/div>\n\n\n\n<div class=\"wp-block-column is-layout-flow wp-block-column-is-layout-flow\" style=\"flex-basis:34%\">\n<h2 class=\"wp-block-heading\"><strong><mark style=\"background-color:rgba(0, 0, 0, 0);color:#01572d\" class=\"has-inline-color\">Comment nous joindre rapidement et facilement ?<\/mark><\/strong><\/h2>\n\n\n\n<p><mark style=\"background-color:rgba(0, 0, 0, 0)\" class=\"has-inline-color has-nv-dark-bg-color\">Si vous souhaitez faire le point avec nous sur votre projet, rien de plus simple. Un formulaire de contact est \u00e0 votre disposition, directement en ligne. Il vous permettra de nous joindre afin d\u2019obtenir les renseignements n\u00e9cessaires.<\/mark><\/p>\n\n\n\n<p><mark style=\"background-color:rgba(0, 0, 0, 0)\" class=\"has-inline-color has-nv-dark-bg-color\">Sinon, vous pouvez aussi nous joindre par mail ou par t\u00e9l\u00e9phone. N\u2019h\u00e9sitez pas, enfin, \u00e0 nous rendre directement visite si vous \u00eates \u00e0 la recherche de quelque chose de pr\u00e9cis. Nous pourrons vous conseiller et vous accompagner dans votre projet.<\/mark><\/p>\n\n\n\n<hr class=\"wp-block-separator has-css-opacity has-text-color has-neve-text-color-color has-neve-text-color-background-color has-background is-style-default\"\/>\n<\/div>\n<\/div>\n\n\n\n<div style=\"height:40px\" aria-hidden=\"true\" class=\"wp-block-spacer\"><\/div>\n<\/div><\/div>\n<\/div><\/div>\n\n\n\n<div class=\"wp-block-cover alignfull\" style=\"min-height:600px\"><span aria-hidden=\"true\" class=\"wp-block-cover__background has-nv-site-bg-background-color has-background-dim-100 has-background-dim\"><\/span><div class=\"wp-block-cover__inner-container is-layout-flow wp-block-cover-is-layout-flow\">\n<div class=\"wp-block-group is-layout-flow wp-block-group-is-layout-flow\"><div class=\"wp-block-group__inner-container\">\n<div style=\"height:20px\" aria-hidden=\"true\" class=\"wp-block-spacer\"><\/div>\n\n\n\n<div class=\"wp-block-columns are-vertically-aligned-center is-layout-flex wp-container-14 wp-block-columns-is-layout-flex\">\n<div class=\"wp-block-column is-vertically-aligned-center is-layout-flow wp-block-column-is-layout-flow\" style=\"flex-basis:50%\">\n<h2 class=\"wp-block-heading\"><strong><mark style=\"background-color:rgba(0, 0, 0, 0);color:#01572d\" class=\"has-inline-color\">Les plus de l\u2019atelier<\/mark><\/strong><\/h2>\n\n\n\n<p><mark style=\"background-color:rgba(0, 0, 0, 0)\" class=\"has-inline-color has-nv-dark-bg-color\">Notre atelier m\u00e9canique vous propose \u00e9galement des pi\u00e8ces d\u2019occasions pour votre Land Rover du Def au RANGE SPORT et DISCO 3. Nous stockons les pi\u00e8ces dans un entrep\u00f4t de plus de 1000m\u00b2 afin de conserver un stock non n\u00e9gligeable.<\/mark><\/p>\n\n\n\n<p><mark style=\"background-color:rgba(0, 0, 0, 0)\" class=\"has-inline-color has-nv-dark-bg-color\">Si vous avez besoin d\u2019un moteur d\u2019occasion ou de pi\u00e8ces sp\u00e9cifiques, n\u2019h\u00e9sitez plus \u00e0 nous joindre et \u00e0 nous faire part de vos demandes et de vos besoins.<\/mark><\/p>\n\n\n\n<p><mark style=\"background-color:rgba(0, 0, 0, 0)\" class=\"has-inline-color has-nv-dark-bg-color\">Retrouvez \u00e9galement nos derniers arrivages de v\u00e9hicules LAND ROVER, neufs ou d\u2019occasion.<\/mark><\/p>\n<\/div>\n\n\n\n<div class=\"wp-block-column is-vertically-aligned-center is-layout-flow wp-block-column-is-layout-flow\" style=\"flex-basis:50%\">\n<figure class=\"wp-block-image size-large\"><img decoding=\"async\" loading=\"lazy\" width=\"1024\" height=\"768\" src=\"https:\/\/technoland4x4.fr\/wp-content\/uploads\/2023\/09\/20211121_115300-1-1024x768.jpg\" alt=\"\" class=\"wp-image-478\" srcset=\"https:\/\/technoland4x4.fr\/wp-content\/uploads\/2023\/09\/20211121_115300-1-1024x768.jpg 1024w, https:\/\/technoland4x4.fr\/wp-content\/uploads\/2023\/09\/20211121_115300-1-300x225.jpg 300w, https:\/\/technoland4x4.fr\/wp-content\/uploads\/2023\/09\/20211121_115300-1-768x576.jpg 768w, https:\/\/technoland4x4.fr\/wp-content\/uploads\/2023\/09\/20211121_115300-1-1536x1152.jpg 1536w, https:\/\/technoland4x4.fr\/wp-content\/uploads\/2023\/09\/20211121_115300-1-2048x1536.jpg 2048w\" sizes=\"(max-width: 1024px) 100vw, 1024px\" \/><\/figure>\n\n\n\n<div style=\"height:40px\" aria-hidden=\"true\" class=\"wp-block-spacer\"><\/div>\n<\/div>\n<\/div>\n\n\n\n<div style=\"height:40px\" aria-hidden=\"true\" class=\"wp-block-spacer\"><\/div>\n<\/div><\/div>\n<\/div><\/div>\n\n\n\n<div class=\"wp-block-cover alignfull\" style=\"min-height:300px\"><span aria-hidden=\"true\" class=\"wp-block-cover__background has-nv-dark-bg-background-color has-background-dim-100 has-background-dim\"><\/span><div class=\"wp-block-cover__inner-container is-layout-flow wp-block-cover-is-layout-flow\">\n<div style=\"height:140px\" aria-hidden=\"true\" class=\"wp-block-spacer\"><\/div>\n\n\n\n<h2 class=\"wp-block-heading has-text-align-center has-nv-text-dark-bg-color has-text-color\"><mark style=\"background-color:rgba(0, 0, 0, 0);color:#01572d\" class=\"has-inline-color\">N&rsquo;attendez plus, regardez notre catalogue ou<\/mark><\/h2>\n\n\n\n<h2 class=\"wp-block-heading has-text-align-center\"><mark style=\"background-color:rgba(0, 0, 0, 0);color:#01572d\" class=\"has-inline-color\">contactez-nous directement<\/mark><\/h2>\n\n\n\n<p class=\"has-text-align-center has-medium-font-size\"><mark style=\"background-color:rgba(0, 0, 0, 0)\" class=\"has-inline-color has-nv-site-bg-color\">Vous pouvez cliquer sur le premier bouton et acc\u00e9der \u00e0 notre catalogue de pi\u00e8ces d\u00e9tach\u00e9es ou alors<br>cliquer sur le deuxi\u00e8me bouton pour nous laisser un message.<\/mark><\/p>\n\n\n\n<div class=\"wp-block-buttons is-content-justification-center is-layout-flex wp-container-17 wp-block-buttons-is-layout-flex\">\n<div class=\"wp-block-button is-style-primary\"><a class=\"wp-block-button__link wp-element-button\" href=\"https:\/\/technoland4x4.fr\/index.php\/pieces-unitaires\/\">CATALOGUE<\/a><\/div>\n\n\n\n<div class=\"wp-block-button is-style-primary\"><a class=\"wp-block-button__link wp-element-button\" href=\"https:\/\/technoland4x4.fr\/index.php\/contact\/\">CONTACTEZ-NOUS<\/a><\/div>\n<\/div>\n\n\n\n<div style=\"height:140px\" aria-hidden=\"true\" class=\"wp-block-spacer\"><\/div>\n<\/div><\/div>\n","protected":false},"excerpt":{"rendered":"","protected":false},"author":1,"featured_media":0,"parent":0,"menu_order":0,"comment_status":"closed","ping_status":"closed","template":"","meta":{"_monsterinsights_skip_tracking":false,"_monsterinsights_sitenote_active":false,"_monsterinsights_sitenote_note":"","_monsterinsights_sitenote_category":0,"_uf_show_specific_survey":0,"_uf_disable_surveys":false,"neve_meta_sidebar":"","neve_meta_container":"","neve_meta_enable_content_width":"on","neve_meta_content_width":100,"neve_meta_title_alignment":"","neve_meta_author_avatar":"","neve_post_elements_order":"","neve_meta_disable_header":"","neve_meta_disable_footer":"","neve_meta_disable_title":"on","footnotes":"","_vp_format_video_url":"","_vp_image_focal_point":[]},"yoast_head":"<!-- This site is optimized with the Yoast SEO plugin v21.4 - https:\/\/yoast.com\/wordpress\/plugins\/seo\/ -->\n<title>Atelier m\u00e9canique - Technoland4x4 - Sp\u00e9cialiste Land Rover - Neuf\/Occasion\/M\u00e9canique - Entretien, Pi\u00e8ces d\u00e9tach\u00e9es, v\u00e9hicules d&#039;occasion<\/title>\n<meta name=\"description\" content=\"L\u2019entreprise Technoland est sp\u00e9cialis\u00e9e en Land Rover. Une entreprise de confiance pour suivre votre projet : vente d&#039;occasion, recherche de pi\u00e8ces d\u00e9tach\u00e9es ou entretien.\" \/>\n<meta name=\"robots\" content=\"index, follow, max-snippet:-1, max-image-preview:large, max-video-preview:-1\" \/>\n<link rel=\"canonical\" href=\"https:\/\/technoland4x4.fr\/index.php\/atelier-mecanique\/\" \/>\n<meta property=\"og:locale\" content=\"fr_FR\" \/>\n<meta property=\"og:type\" content=\"article\" \/>\n<meta property=\"og:title\" content=\"Atelier m\u00e9canique - Technoland4x4 - Sp\u00e9cialiste Land Rover - Neuf\/Occasion\/M\u00e9canique - Entretien, Pi\u00e8ces d\u00e9tach\u00e9es, v\u00e9hicules d&#039;occasion\" \/>\n<meta property=\"og:description\" content=\"L\u2019entreprise Technoland est sp\u00e9cialis\u00e9e en Land Rover. Une entreprise de confiance pour suivre votre projet : vente d&#039;occasion, recherche de pi\u00e8ces d\u00e9tach\u00e9es ou entretien.\" \/>\n<meta property=\"og:url\" content=\"https:\/\/technoland4x4.fr\/index.php\/atelier-mecanique\/\" \/>\n<meta property=\"og:site_name\" content=\"Technoland4x4\" \/>\n<meta property=\"article:publisher\" content=\"https:\/\/www.facebook.com\/people\/Team-Technoland-4x4\/100090991377094\/\" \/>\n<meta property=\"article:modified_time\" content=\"2023-11-14T15:02:59+00:00\" \/>\n<meta property=\"og:image\" content=\"https:\/\/technoland4x4.fr\/wp-content\/uploads\/2023\/09\/20220224_110558-1024x490-1.jpg\" \/>\n<meta name=\"twitter:card\" content=\"summary_large_image\" \/>\n<meta name=\"twitter:label1\" content=\"Dur\u00e9e de lecture estim\u00e9e\" \/>\n\t<meta name=\"twitter:data1\" content=\"2 minutes\" \/>\n<script type=\"application\/ld+json\" class=\"yoast-schema-graph\">{\"@context\":\"https:\/\/schema.org\",\"@graph\":[{\"@type\":\"WebPage\",\"@id\":\"https:\/\/technoland4x4.fr\/index.php\/atelier-mecanique\/\",\"url\":\"https:\/\/technoland4x4.fr\/index.php\/atelier-mecanique\/\",\"name\":\"Atelier m\u00e9canique - Technoland4x4 - Sp\u00e9cialiste Land Rover - Neuf\/Occasion\/M\u00e9canique - Entretien, Pi\u00e8ces d\u00e9tach\u00e9es, v\u00e9hicules d'occasion\",\"isPartOf\":{\"@id\":\"https:\/\/technoland4x4.fr\/#website\"},\"datePublished\":\"2023-09-29T16:29:28+00:00\",\"dateModified\":\"2023-11-14T15:02:59+00:00\",\"description\":\"L\u2019entreprise Technoland est sp\u00e9cialis\u00e9e en Land Rover. Une entreprise de confiance pour suivre votre projet : vente d'occasion, recherche de pi\u00e8ces d\u00e9tach\u00e9es ou entretien.\",\"breadcrumb\":{\"@id\":\"https:\/\/technoland4x4.fr\/index.php\/atelier-mecanique\/#breadcrumb\"},\"inLanguage\":\"fr-FR\",\"potentialAction\":[{\"@type\":\"ReadAction\",\"target\":[\"https:\/\/technoland4x4.fr\/index.php\/atelier-mecanique\/\"]}]},{\"@type\":\"BreadcrumbList\",\"@id\":\"https:\/\/technoland4x4.fr\/index.php\/atelier-mecanique\/#breadcrumb\",\"itemListElement\":[{\"@type\":\"ListItem\",\"position\":1,\"name\":\"Accueil\",\"item\":\"https:\/\/technoland4x4.fr\/\"},{\"@type\":\"ListItem\",\"position\":2,\"name\":\"Atelier m\u00e9canique\"}]},{\"@type\":\"WebSite\",\"@id\":\"https:\/\/technoland4x4.fr\/#website\",\"url\":\"https:\/\/technoland4x4.fr\/\",\"name\":\"Technoland4x4\",\"description\":\"L\u2019entreprise Technoland est sp\u00e9cialis\u00e9e en Land Rover. Si vous avez besoin d\u2019une entreprise de confiance pour suivre votre projet et vos v\u00e9hicules, vous \u00eates au bon endroit. Vous trouverez, en ligne, toutes les informations n\u00e9cessaires \u00e0 ne pas manquer.\",\"publisher\":{\"@id\":\"https:\/\/technoland4x4.fr\/#organization\"},\"alternateName\":\"Technoland\",\"potentialAction\":[{\"@type\":\"SearchAction\",\"target\":{\"@type\":\"EntryPoint\",\"urlTemplate\":\"https:\/\/technoland4x4.fr\/?s={search_term_string}\"},\"query-input\":\"required name=search_term_string\"}],\"inLanguage\":\"fr-FR\"},{\"@type\":\"Organization\",\"@id\":\"https:\/\/technoland4x4.fr\/#organization\",\"name\":\"Technoland\",\"alternateName\":\"Technoland\",\"url\":\"https:\/\/technoland4x4.fr\/\",\"logo\":{\"@type\":\"ImageObject\",\"inLanguage\":\"fr-FR\",\"@id\":\"https:\/\/technoland4x4.fr\/#\/schema\/logo\/image\/\",\"url\":\"https:\/\/technoland4x4.fr\/wp-content\/uploads\/2023\/10\/logo-transparent-png.png\",\"contentUrl\":\"https:\/\/technoland4x4.fr\/wp-content\/uploads\/2023\/10\/logo-transparent-png.png\",\"width\":524,\"height\":564,\"caption\":\"Technoland\"},\"image\":{\"@id\":\"https:\/\/technoland4x4.fr\/#\/schema\/logo\/image\/\"},\"sameAs\":[\"https:\/\/www.facebook.com\/people\/Team-Technoland-4x4\/100090991377094\/\"]}]}<\/script>\n<!-- \/ Yoast SEO plugin. -->","yoast_head_json":{"title":"Atelier m\u00e9canique - Technoland4x4 - Sp\u00e9cialiste Land Rover - Neuf\/Occasion\/M\u00e9canique - Entretien, Pi\u00e8ces d\u00e9tach\u00e9es, v\u00e9hicules d'occasion","description":"L\u2019entreprise Technoland est sp\u00e9cialis\u00e9e en Land Rover. Une entreprise de confiance pour suivre votre projet : vente d'occasion, recherche de pi\u00e8ces d\u00e9tach\u00e9es ou entretien.","robots":{"index":"index","follow":"follow","max-snippet":"max-snippet:-1","max-image-preview":"max-image-preview:large","max-video-preview":"max-video-preview:-1"},"canonical":"https:\/\/technoland4x4.fr\/index.php\/atelier-mecanique\/","og_locale":"fr_FR","og_type":"article","og_title":"Atelier m\u00e9canique - Technoland4x4 - Sp\u00e9cialiste Land Rover - Neuf\/Occasion\/M\u00e9canique - Entretien, Pi\u00e8ces d\u00e9tach\u00e9es, v\u00e9hicules d'occasion","og_description":"L\u2019entreprise Technoland est sp\u00e9cialis\u00e9e en Land Rover. Une entreprise de confiance pour suivre votre projet : vente d'occasion, recherche de pi\u00e8ces d\u00e9tach\u00e9es ou entretien.","og_url":"https:\/\/technoland4x4.fr\/index.php\/atelier-mecanique\/","og_site_name":"Technoland4x4","article_publisher":"https:\/\/www.facebook.com\/people\/Team-Technoland-4x4\/100090991377094\/","article_modified_time":"2023-11-14T15:02:59+00:00","og_image":[{"url":"https:\/\/technoland4x4.fr\/wp-content\/uploads\/2023\/09\/20220224_110558-1024x490-1.jpg"}],"twitter_card":"summary_large_image","twitter_misc":{"Dur\u00e9e de lecture estim\u00e9e":"2 minutes"},"schema":{"@context":"https:\/\/schema.org","@graph":[{"@type":"WebPage","@id":"https:\/\/technoland4x4.fr\/index.php\/atelier-mecanique\/","url":"https:\/\/technoland4x4.fr\/index.php\/atelier-mecanique\/","name":"Atelier m\u00e9canique - Technoland4x4 - Sp\u00e9cialiste Land Rover - Neuf\/Occasion\/M\u00e9canique - Entretien, Pi\u00e8ces d\u00e9tach\u00e9es, v\u00e9hicules d'occasion","isPartOf":{"@id":"https:\/\/technoland4x4.fr\/#website"},"datePublished":"2023-09-29T16:29:28+00:00","dateModified":"2023-11-14T15:02:59+00:00","description":"L\u2019entreprise Technoland est sp\u00e9cialis\u00e9e en Land Rover. Une entreprise de confiance pour suivre votre projet : vente d'occasion, recherche de pi\u00e8ces d\u00e9tach\u00e9es ou entretien.","breadcrumb":{"@id":"https:\/\/technoland4x4.fr\/index.php\/atelier-mecanique\/#breadcrumb"},"inLanguage":"fr-FR","potentialAction":[{"@type":"ReadAction","target":["https:\/\/technoland4x4.fr\/index.php\/atelier-mecanique\/"]}]},{"@type":"BreadcrumbList","@id":"https:\/\/technoland4x4.fr\/index.php\/atelier-mecanique\/#breadcrumb","itemListElement":[{"@type":"ListItem","position":1,"name":"Accueil","item":"https:\/\/technoland4x4.fr\/"},{"@type":"ListItem","position":2,"name":"Atelier m\u00e9canique"}]},{"@type":"WebSite","@id":"https:\/\/technoland4x4.fr\/#website","url":"https:\/\/technoland4x4.fr\/","name":"Technoland4x4","description":"L\u2019entreprise Technoland est sp\u00e9cialis\u00e9e en Land Rover. Si vous avez besoin d\u2019une entreprise de confiance pour suivre votre projet et vos v\u00e9hicules, vous \u00eates au bon endroit. Vous trouverez, en ligne, toutes les informations n\u00e9cessaires \u00e0 ne pas manquer.","publisher":{"@id":"https:\/\/technoland4x4.fr\/#organization"},"alternateName":"Technoland","potentialAction":[{"@type":"SearchAction","target":{"@type":"EntryPoint","urlTemplate":"https:\/\/technoland4x4.fr\/?s={search_term_string}"},"query-input":"required name=search_term_string"}],"inLanguage":"fr-FR"},{"@type":"Organization","@id":"https:\/\/technoland4x4.fr\/#organization","name":"Technoland","alternateName":"Technoland","url":"https:\/\/technoland4x4.fr\/","logo":{"@type":"ImageObject","inLanguage":"fr-FR","@id":"https:\/\/technoland4x4.fr\/#\/schema\/logo\/image\/","url":"https:\/\/technoland4x4.fr\/wp-content\/uploads\/2023\/10\/logo-transparent-png.png","contentUrl":"https:\/\/technoland4x4.fr\/wp-content\/uploads\/2023\/10\/logo-transparent-png.png","width":524,"height":564,"caption":"Technoland"},"image":{"@id":"https:\/\/technoland4x4.fr\/#\/schema\/logo\/image\/"},"sameAs":["https:\/\/www.facebook.com\/people\/Team-Technoland-4x4\/100090991377094\/"]}]}},"_links":{"self":[{"href":"https:\/\/technoland4x4.fr\/index.php\/wp-json\/wp\/v2\/pages\/344"}],"collection":[{"href":"https:\/\/technoland4x4.fr\/index.php\/wp-json\/wp\/v2\/pages"}],"about":[{"href":"https:\/\/technoland4x4.fr\/index.php\/wp-json\/wp\/v2\/types\/page"}],"author":[{"embeddable":true,"href":"https:\/\/technoland4x4.fr\/index.php\/wp-json\/wp\/v2\/users\/1"}],"replies":[{"embeddable":true,"href":"https:\/\/technoland4x4.fr\/index.php\/wp-json\/wp\/v2\/comments?post=344"}],"version-history":[{"count":33,"href":"https:\/\/technoland4x4.fr\/index.php\/wp-json\/wp\/v2\/pages\/344\/revisions"}],"predecessor-version":[{"id":845,"href":"https:\/\/technoland4x4.fr\/index.php\/wp-json\/wp\/v2\/pages\/344\/revisions\/845"}],"wp:attachment":[{"href":"https:\/\/technoland4x4.fr\/index.php\/wp-json\/wp\/v2\/media?parent=344"}],"curies":[{"name":"wp","href":"https:\/\/api.w.org\/{rel}","templated":true}]}}