{"id":30,"date":"2023-09-29T07:16:51","date_gmt":"2023-09-29T07:16:51","guid":{"rendered":"https:\/\/technoland4x4.fr\/?page_id=30"},"modified":"2023-10-25T16:05:22","modified_gmt":"2023-10-25T14:05:22","slug":"pieces-unitaires","status":"publish","type":"page","link":"https:\/\/technoland4x4.fr\/index.php\/pieces-unitaires\/","title":{"rendered":"Pi\u00e8ces unitaires"},"content":{"rendered":"\n<div class=\"wp-block-cover alignfull\" style=\"min-height:320px\"><span aria-hidden=\"true\" class=\"wp-block-cover__background has-nv-site-bg-background-color has-background-dim-100 has-background-dim\"><\/span><div class=\"wp-block-cover__inner-container is-layout-flow wp-block-cover-is-layout-flow\">\n<div class=\"wp-block-group is-layout-flow wp-block-group-is-layout-flow\"><div class=\"wp-block-group__inner-container\">\n<div class=\"wp-block-columns are-vertically-aligned-center is-layout-flex wp-container-3 wp-block-columns-is-layout-flex\">\n<div class=\"wp-block-column is-vertically-aligned-center is-layout-flow wp-block-column-is-layout-flow\" style=\"flex-basis:70%\">\n<h1 class=\"wp-block-heading has-text-align-left has-neve-text-color-color has-text-color\"><mark style=\"background-color:rgba(0, 0, 0, 0);color:#01572d\" class=\"has-inline-color\">Nos pi\u00e8ces d\u00e9tach\u00e9es<\/mark><\/h1>\n\n\n\n<p class=\"has-neve-text-color-color has-text-color\" style=\"font-size:22px\"><\/p>\n<\/div>\n\n\n\n<div class=\"wp-block-column is-vertically-aligned-center is-layout-flow wp-block-column-is-layout-flow\" style=\"flex-basis:30%\"><\/div>\n<\/div>\n<\/div><\/div>\n<\/div><\/div>\n\n\n\n<div class=\"wp-block-cover alignfull\" style=\"min-height:600px\"><span aria-hidden=\"true\" class=\"wp-block-cover__background has-nv-light-bg-background-color has-background-dim-100 has-background-dim\"><\/span><div class=\"wp-block-cover__inner-container is-layout-flow wp-block-cover-is-layout-flow\">\n<p><\/p>\n\n\n\n<h2 class=\"wp-block-heading\"><mark style=\"background-color:rgba(0, 0, 0, 0);color:#01572d\" class=\"has-inline-color\">Nos cat\u00e9gories<\/mark><\/h2>\n\n\n\n<div class=\"wp-block-group is-layout-flow wp-block-group-is-layout-flow\"><div class=\"wp-block-group__inner-container\">\n<div class=\"wp-block-columns is-layout-flex wp-container-11 wp-block-columns-is-layout-flex\">\n<div class=\"wp-block-column is-layout-flow wp-block-column-is-layout-flow\">\n<div class=\"wp-block-columns is-layout-flex wp-container-9 wp-block-columns-is-layout-flex\">\n<div class=\"wp-block-column is-layout-flow wp-block-column-is-layout-flow\">\n<h3 class=\"wp-block-heading\"><mark style=\"background-color:rgba(0, 0, 0, 0)\" class=\"has-inline-color has-nv-dark-bg-color\">Pneus \/ jantes<\/mark><\/h3>\n\n\n\n<figure class=\"wp-block-image size-large is-resized\"><img decoding=\"async\" loading=\"lazy\" width=\"1024\" height=\"1024\" src=\"https:\/\/technoland4x4.fr\/wp-content\/uploads\/2023\/09\/31321-Land-Rover-Defender-19-Zoll-Felgen-Winterreifen-Winterraeder-L8B2-1007-EA-1024x1024.jpg\" alt=\"\" class=\"wp-image-519\" style=\"width:360px;height:360px\" srcset=\"https:\/\/technoland4x4.fr\/wp-content\/uploads\/2023\/09\/31321-Land-Rover-Defender-19-Zoll-Felgen-Winterreifen-Winterraeder-L8B2-1007-EA-1024x1024.jpg 1024w, https:\/\/technoland4x4.fr\/wp-content\/uploads\/2023\/09\/31321-Land-Rover-Defender-19-Zoll-Felgen-Winterreifen-Winterraeder-L8B2-1007-EA-300x300.jpg 300w, https:\/\/technoland4x4.fr\/wp-content\/uploads\/2023\/09\/31321-Land-Rover-Defender-19-Zoll-Felgen-Winterreifen-Winterraeder-L8B2-1007-EA-150x150.jpg 150w, https:\/\/technoland4x4.fr\/wp-content\/uploads\/2023\/09\/31321-Land-Rover-Defender-19-Zoll-Felgen-Winterreifen-Winterraeder-L8B2-1007-EA-768x768.jpg 768w, https:\/\/technoland4x4.fr\/wp-content\/uploads\/2023\/09\/31321-Land-Rover-Defender-19-Zoll-Felgen-Winterreifen-Winterraeder-L8B2-1007-EA-1536x1536.jpg 1536w, https:\/\/technoland4x4.fr\/wp-content\/uploads\/2023\/09\/31321-Land-Rover-Defender-19-Zoll-Felgen-Winterreifen-Winterraeder-L8B2-1007-EA.jpg 2000w\" sizes=\"(max-width: 1024px) 100vw, 1024px\" \/><\/figure>\n\n\n\n<p><\/p>\n\n\n\n<h3 class=\"wp-block-heading\"><mark style=\"background-color:rgba(0, 0, 0, 0)\" class=\"has-inline-color has-nv-dark-bg-color\">Culasse<\/mark><\/h3>\n\n\n\n<figure class=\"wp-block-image size-large is-resized\"><img decoding=\"async\" loading=\"lazy\" width=\"1019\" height=\"1024\" src=\"https:\/\/technoland4x4.fr\/wp-content\/uploads\/2023\/09\/20211121_115625-1-1019x1024.jpg\" alt=\"\" class=\"wp-image-558\" style=\"width:365px;height:361px\" srcset=\"https:\/\/technoland4x4.fr\/wp-content\/uploads\/2023\/09\/20211121_115625-1-1019x1024.jpg 1019w, https:\/\/technoland4x4.fr\/wp-content\/uploads\/2023\/09\/20211121_115625-1-298x300.jpg 298w, https:\/\/technoland4x4.fr\/wp-content\/uploads\/2023\/09\/20211121_115625-1-150x150.jpg 150w, https:\/\/technoland4x4.fr\/wp-content\/uploads\/2023\/09\/20211121_115625-1-768x772.jpg 768w, https:\/\/technoland4x4.fr\/wp-content\/uploads\/2023\/09\/20211121_115625-1-1528x1536.jpg 1528w, https:\/\/technoland4x4.fr\/wp-content\/uploads\/2023\/09\/20211121_115625-1-2037x2048.jpg 2037w\" sizes=\"(max-width: 1019px) 100vw, 1019px\" \/><\/figure>\n\n\n\n<p><\/p>\n\n\n\n<h3 class=\"wp-block-heading\"><mark style=\"background-color:rgba(0, 0, 0, 0)\" class=\"has-inline-color has-nv-dark-bg-color\">Accessoires<\/mark><\/h3>\n\n\n\n<figure class=\"wp-block-image size-full is-resized\"><img decoding=\"async\" loading=\"lazy\" width=\"790\" height=\"680\" src=\"https:\/\/technoland4x4.fr\/wp-content\/uploads\/2023\/09\/A-BAR-2-ANTIBROUILLARD-DEF-sans-clim-1.png\" alt=\"\" class=\"wp-image-580\" style=\"width:365px;height:361px\" srcset=\"https:\/\/technoland4x4.fr\/wp-content\/uploads\/2023\/09\/A-BAR-2-ANTIBROUILLARD-DEF-sans-clim-1.png 790w, https:\/\/technoland4x4.fr\/wp-content\/uploads\/2023\/09\/A-BAR-2-ANTIBROUILLARD-DEF-sans-clim-1-300x258.png 300w, https:\/\/technoland4x4.fr\/wp-content\/uploads\/2023\/09\/A-BAR-2-ANTIBROUILLARD-DEF-sans-clim-1-768x661.png 768w\" sizes=\"(max-width: 790px) 100vw, 790px\" \/><\/figure>\n<\/div>\n\n\n\n<div class=\"wp-block-column is-layout-flow wp-block-column-is-layout-flow\">\n<h3 class=\"wp-block-heading\"><mark style=\"background-color:rgba(0, 0, 0, 0)\" class=\"has-inline-color has-nv-dark-bg-color\">Disque de frein<\/mark><\/h3>\n\n\n\n<figure class=\"wp-block-image size-full is-resized\"><img decoding=\"async\" loading=\"lazy\" width=\"206\" height=\"204\" src=\"https:\/\/technoland4x4.fr\/wp-content\/uploads\/2023\/09\/YH3-3.jpg\" alt=\"\" class=\"wp-image-529\" style=\"width:365px;height:361px\" srcset=\"https:\/\/technoland4x4.fr\/wp-content\/uploads\/2023\/09\/YH3-3.jpg 206w, https:\/\/technoland4x4.fr\/wp-content\/uploads\/2023\/09\/YH3-3-150x150.jpg 150w\" sizes=\"(max-width: 206px) 100vw, 206px\" \/><\/figure>\n\n\n\n<p><\/p>\n\n\n\n<h3 class=\"wp-block-heading\"><mark style=\"background-color:rgba(0, 0, 0, 0)\" class=\"has-inline-color has-nv-dark-bg-color\">Carrosserie <\/mark><\/h3>\n\n\n\n<figure class=\"wp-block-image size-full is-resized\"><img decoding=\"async\" loading=\"lazy\" width=\"757\" height=\"600\" src=\"https:\/\/technoland4x4.fr\/wp-content\/uploads\/2023\/09\/BENNE-AR-TRES-BON-ETAT.png\" alt=\"\" class=\"wp-image-573\" style=\"width:364px;height:360px\" srcset=\"https:\/\/technoland4x4.fr\/wp-content\/uploads\/2023\/09\/BENNE-AR-TRES-BON-ETAT.png 757w, https:\/\/technoland4x4.fr\/wp-content\/uploads\/2023\/09\/BENNE-AR-TRES-BON-ETAT-300x238.png 300w\" sizes=\"(max-width: 757px) 100vw, 757px\" \/><\/figure>\n\n\n\n<p><\/p>\n\n\n\n<h3 class=\"wp-block-heading\"><mark style=\"background-color:rgba(0, 0, 0, 0)\" class=\"has-inline-color has-nv-dark-bg-color\">Habillage int\u00e9rieur<\/mark><\/h3>\n\n\n\n<figure class=\"wp-block-image size-full is-resized\"><img decoding=\"async\" loading=\"lazy\" width=\"488\" height=\"480\" src=\"https:\/\/technoland4x4.fr\/wp-content\/uploads\/2023\/09\/P1070556-640x480-1.png\" alt=\"\" class=\"wp-image-566\" style=\"width:367px;height:363px\" srcset=\"https:\/\/technoland4x4.fr\/wp-content\/uploads\/2023\/09\/P1070556-640x480-1.png 488w, https:\/\/technoland4x4.fr\/wp-content\/uploads\/2023\/09\/P1070556-640x480-1-300x295.png 300w\" sizes=\"(max-width: 488px) 100vw, 488px\" \/><\/figure>\n<\/div>\n\n\n\n<div class=\"wp-block-column is-layout-flow wp-block-column-is-layout-flow\">\n<h3 class=\"wp-block-heading\"><mark style=\"background-color:rgba(0, 0, 0, 0)\" class=\"has-inline-color has-nv-dark-bg-color\">Boite vitesse \/ transfert<\/mark><\/h3>\n\n\n\n<figure class=\"wp-block-image size-large is-resized\"><img decoding=\"async\" loading=\"lazy\" width=\"1008\" height=\"1024\" src=\"https:\/\/technoland4x4.fr\/wp-content\/uploads\/2023\/09\/20211121_11494421-1-1008x1024.jpg\" alt=\"\" class=\"wp-image-523\" style=\"width:354px;height:360px\" srcset=\"https:\/\/technoland4x4.fr\/wp-content\/uploads\/2023\/09\/20211121_11494421-1-1008x1024.jpg 1008w, https:\/\/technoland4x4.fr\/wp-content\/uploads\/2023\/09\/20211121_11494421-1-295x300.jpg 295w, https:\/\/technoland4x4.fr\/wp-content\/uploads\/2023\/09\/20211121_11494421-1-768x780.jpg 768w, https:\/\/technoland4x4.fr\/wp-content\/uploads\/2023\/09\/20211121_11494421-1-1512x1536.jpg 1512w, https:\/\/technoland4x4.fr\/wp-content\/uploads\/2023\/09\/20211121_11494421-1-2016x2048.jpg 2016w\" sizes=\"(max-width: 1008px) 100vw, 1008px\" \/><\/figure>\n\n\n\n<p><\/p>\n\n\n\n<h3 class=\"wp-block-heading\"><mark style=\"background-color:rgba(0, 0, 0, 0)\" class=\"has-inline-color has-nv-dark-bg-color\">Moteur<\/mark><\/h3>\n\n\n\n<figure class=\"wp-block-image size-large is-resized\"><img decoding=\"async\" loading=\"lazy\" width=\"1024\" height=\"1016\" src=\"https:\/\/technoland4x4.fr\/wp-content\/uploads\/2023\/09\/20211121_111012-2-1024x1016.jpg\" alt=\"\" class=\"wp-image-550\" style=\"width:356px;height:362px\" srcset=\"https:\/\/technoland4x4.fr\/wp-content\/uploads\/2023\/09\/20211121_111012-2-1024x1016.jpg 1024w, https:\/\/technoland4x4.fr\/wp-content\/uploads\/2023\/09\/20211121_111012-2-300x298.jpg 300w, https:\/\/technoland4x4.fr\/wp-content\/uploads\/2023\/09\/20211121_111012-2-150x150.jpg 150w, https:\/\/technoland4x4.fr\/wp-content\/uploads\/2023\/09\/20211121_111012-2-768x762.jpg 768w, https:\/\/technoland4x4.fr\/wp-content\/uploads\/2023\/09\/20211121_111012-2-1536x1524.jpg 1536w, https:\/\/technoland4x4.fr\/wp-content\/uploads\/2023\/09\/20211121_111012-2-2048x2032.jpg 2048w\" sizes=\"(max-width: 1024px) 100vw, 1024px\" \/><\/figure>\n\n\n\n<p><\/p>\n\n\n\n<h3 class=\"wp-block-heading\"><mark style=\"background-color:rgba(0, 0, 0, 0)\" class=\"has-inline-color has-nv-dark-bg-color\">Phares \/ feux<\/mark><\/h3>\n\n\n\n<figure class=\"wp-block-image size-full is-resized\"><img decoding=\"async\" loading=\"lazy\" width=\"546\" height=\"480\" src=\"https:\/\/technoland4x4.fr\/wp-content\/uploads\/2023\/09\/P1070508-640x480-1.png\" alt=\"\" class=\"wp-image-570\" style=\"width:365px;height:361px\" srcset=\"https:\/\/technoland4x4.fr\/wp-content\/uploads\/2023\/09\/P1070508-640x480-1.png 546w, https:\/\/technoland4x4.fr\/wp-content\/uploads\/2023\/09\/P1070508-640x480-1-300x264.png 300w\" sizes=\"(max-width: 546px) 100vw, 546px\" \/><\/figure>\n<\/div>\n<\/div>\n<\/div>\n<\/div>\n<\/div><\/div>\n\n\n\n<h2 class=\"wp-block-heading alignwide has-text-align-center\" id=\"we-re-a-studio-in-berlin-with-an-international-practice-in-architecture-urban-planning-and-interior-design-we-believe-in-sharing-knowledge-and-promoting-dialogue-to-increase-the-creative-potential-of-collaboration\" style=\"font-size:48px;line-height:1.1\"><mark style=\"background-color:rgba(0, 0, 0, 0)\" class=\"has-inline-color has-nv-dark-bg-color\">Vous voulez plus d&rsquo;informations ?<\/mark><\/h2>\n\n\n\n<div class=\"wp-block-buttons is-content-justification-center is-layout-flex wp-container-13 wp-block-buttons-is-layout-flex\">\n<div class=\"wp-block-button is-style-primary\"><a class=\"wp-block-button__link has-text-align-center wp-element-button\" href=\"https:\/\/technoland4x4.fr\/index.php\/contact\/\">Contactez-nous<\/a><\/div>\n<\/div>\n\n\n\n<div style=\"height:100px\" aria-hidden=\"true\" class=\"wp-block-spacer\"><\/div>\n<\/div><\/div>\n\n\n\n<div class=\"wp-block-cover alignfull\" style=\"min-height:600px\"><span aria-hidden=\"true\" class=\"wp-block-cover__background has-nv-site-bg-background-color has-background-dim-100 has-background-dim\"><\/span><div class=\"wp-block-cover__inner-container is-layout-flow wp-block-cover-is-layout-flow\">\n<div class=\"wp-block-group is-layout-flow wp-block-group-is-layout-flow\"><div class=\"wp-block-group__inner-container\">\n<div style=\"height:80px\" aria-hidden=\"true\" class=\"wp-block-spacer\"><\/div>\n\n\n\n<div style=\"height:20px\" aria-hidden=\"true\" class=\"wp-block-spacer\"><\/div>\n\n\n\n<div class=\"wp-block-columns are-vertically-aligned-center is-layout-flex wp-container-18 wp-block-columns-is-layout-flex\">\n<div class=\"wp-block-column is-vertically-aligned-center is-layout-flow wp-block-column-is-layout-flow\" style=\"flex-basis:50%\">\n<div style=\"height:40px\" aria-hidden=\"true\" class=\"wp-block-spacer\"><\/div>\n\n\n\n<h2 class=\"wp-block-heading\"><mark style=\"background-color:rgba(0, 0, 0, 0);color:#01572d\" class=\"has-inline-color\">Autres pi\u00e8ces<\/mark><\/h2>\n\n\n\n<p><mark style=\"background-color:rgba(0, 0, 0, 0)\" class=\"has-inline-color has-nv-dark-bg-color\">Chez technoland, nous mettons un point d&rsquo;honneur \u00e0 maintenir un inventaire complet de mat\u00e9riel m\u00e9canique et d&rsquo;accessoires. Nous allons  au-del\u00e0 de notre stock actuel de mat\u00e9riel m\u00e9canique et d&rsquo;accessoires. En effet, selon vos besoin, nous irons constamment chercher de nouvelles pi\u00e8ces pour r\u00e9pondre \u00e0 vos attentes. <\/mark><\/p>\n\n\n\n<p><mark style=\"background-color:rgba(0, 0, 0, 0)\" class=\"has-inline-color has-nv-dark-bg-color\">Nous continuons donc \u00e0 \u00e9largir notre gamme avec de nouvelles pi\u00e8ces tout au long de l&rsquo;ann\u00e9e. Pour \u00eatre inform\u00e9 en temps r\u00e9el sur nos derni\u00e8res acquisitions, contactez notre \u00e9quipe d\u00e9vou\u00e9e, pr\u00eate \u00e0 r\u00e9pondre \u00e0 toutes vos questions et s&rsquo;il le faut pr\u00eate \u00e0 aller chercher ce dont vous avez besoin en France et m\u00eame \u00e0 l&rsquo;\u00e9tranger.<\/mark><\/p>\n\n\n\n<div class=\"wp-block-buttons is-layout-flex wp-block-buttons-is-layout-flex\">\n<div class=\"wp-block-button is-style-primary\"><a class=\"wp-block-button__link wp-element-button\" href=\"https:\/\/technoland4x4.fr\/index.php\/contact\/\">Contactez-nous<\/a><\/div>\n<\/div>\n<\/div>\n\n\n\n<div class=\"wp-block-column is-vertically-aligned-center is-layout-flow wp-block-column-is-layout-flow\" style=\"flex-basis:50%\">\n<figure class=\"wp-block-image size-large is-resized\"><img decoding=\"async\" loading=\"lazy\" width=\"1024\" height=\"768\" src=\"https:\/\/technoland4x4.fr\/wp-content\/uploads\/2023\/09\/20211121_115427-1024x768.jpg\" alt=\"\" class=\"wp-image-591\" style=\"width:672px;height:504px\" srcset=\"https:\/\/technoland4x4.fr\/wp-content\/uploads\/2023\/09\/20211121_115427-1024x768.jpg 1024w, https:\/\/technoland4x4.fr\/wp-content\/uploads\/2023\/09\/20211121_115427-300x225.jpg 300w, https:\/\/technoland4x4.fr\/wp-content\/uploads\/2023\/09\/20211121_115427-768x576.jpg 768w, https:\/\/technoland4x4.fr\/wp-content\/uploads\/2023\/09\/20211121_115427-1536x1152.jpg 1536w, https:\/\/technoland4x4.fr\/wp-content\/uploads\/2023\/09\/20211121_115427-2048x1536.jpg 2048w\" sizes=\"(max-width: 1024px) 100vw, 1024px\" \/><\/figure>\n\n\n\n<div style=\"height:40px\" aria-hidden=\"true\" class=\"wp-block-spacer\"><\/div>\n<\/div>\n<\/div>\n\n\n\n<div style=\"height:40px\" aria-hidden=\"true\" class=\"wp-block-spacer\"><\/div>\n<\/div><\/div>\n<\/div><\/div>\n\n\n\n<div class=\"wp-block-cover alignfull\" style=\"min-height:300px\"><span aria-hidden=\"true\" class=\"wp-block-cover__background has-nv-dark-bg-background-color has-background-dim-100 has-background-dim\"><\/span><div class=\"wp-block-cover__inner-container is-layout-flow wp-block-cover-is-layout-flow\">\n<p><\/p>\n<\/div><\/div>\n","protected":false},"excerpt":{"rendered":"","protected":false},"author":1,"featured_media":0,"parent":0,"menu_order":0,"comment_status":"closed","ping_status":"closed","template":"","meta":{"_monsterinsights_skip_tracking":false,"_monsterinsights_sitenote_active":false,"_monsterinsights_sitenote_note":"","_monsterinsights_sitenote_category":0,"_uf_show_specific_survey":0,"_uf_disable_surveys":false,"neve_meta_sidebar":"","neve_meta_container":"","neve_meta_enable_content_width":"on","neve_meta_content_width":100,"neve_meta_title_alignment":"","neve_meta_author_avatar":"","neve_post_elements_order":"","neve_meta_disable_header":"","neve_meta_disable_footer":"","neve_meta_disable_title":"on","footnotes":"","_vp_format_video_url":"","_vp_image_focal_point":[]},"yoast_head":"<!-- This site is optimized with the Yoast SEO plugin v21.4 - https:\/\/yoast.com\/wordpress\/plugins\/seo\/ -->\n<title>Pi\u00e8ces unitaires - Technoland4x4 - Sp\u00e9cialiste Land Rover - Neuf\/Occasion\/M\u00e9canique - Entretien, Pi\u00e8ces d\u00e9tach\u00e9es, v\u00e9hicules d&#039;occasion<\/title>\n<meta name=\"description\" content=\"L\u2019entreprise Technoland est sp\u00e9cialis\u00e9e en Land Rover. Une entreprise de confiance pour suivre votre projet : vente d&#039;occasion, recherche de pi\u00e8ces d\u00e9tach\u00e9es ou entretien.\" \/>\n<meta name=\"robots\" content=\"index, follow, max-snippet:-1, max-image-preview:large, max-video-preview:-1\" \/>\n<link rel=\"canonical\" href=\"https:\/\/technoland4x4.fr\/index.php\/pieces-unitaires\/\" \/>\n<meta property=\"og:locale\" content=\"fr_FR\" \/>\n<meta property=\"og:type\" content=\"article\" \/>\n<meta property=\"og:title\" content=\"Pi\u00e8ces unitaires - Technoland4x4 - Sp\u00e9cialiste Land Rover - Neuf\/Occasion\/M\u00e9canique - Entretien, Pi\u00e8ces d\u00e9tach\u00e9es, v\u00e9hicules d&#039;occasion\" \/>\n<meta property=\"og:description\" content=\"L\u2019entreprise Technoland est sp\u00e9cialis\u00e9e en Land Rover. Une entreprise de confiance pour suivre votre projet : vente d&#039;occasion, recherche de pi\u00e8ces d\u00e9tach\u00e9es ou entretien.\" \/>\n<meta property=\"og:url\" content=\"https:\/\/technoland4x4.fr\/index.php\/pieces-unitaires\/\" \/>\n<meta property=\"og:site_name\" content=\"Technoland4x4\" \/>\n<meta property=\"article:publisher\" content=\"https:\/\/www.facebook.com\/people\/Team-Technoland-4x4\/100090991377094\/\" \/>\n<meta property=\"article:modified_time\" content=\"2023-10-25T14:05:22+00:00\" \/>\n<meta property=\"og:image\" content=\"https:\/\/technoland4x4.fr\/wp-content\/uploads\/2023\/09\/31321-Land-Rover-Defender-19-Zoll-Felgen-Winterreifen-Winterraeder-L8B2-1007-EA-1024x1024.jpg\" \/>\n<meta name=\"twitter:card\" content=\"summary_large_image\" \/>\n<meta name=\"twitter:label1\" content=\"Dur\u00e9e de lecture estim\u00e9e\" \/>\n\t<meta name=\"twitter:data1\" content=\"3 minutes\" \/>\n<script type=\"application\/ld+json\" class=\"yoast-schema-graph\">{\"@context\":\"https:\/\/schema.org\",\"@graph\":[{\"@type\":\"WebPage\",\"@id\":\"https:\/\/technoland4x4.fr\/index.php\/pieces-unitaires\/\",\"url\":\"https:\/\/technoland4x4.fr\/index.php\/pieces-unitaires\/\",\"name\":\"Pi\u00e8ces unitaires - Technoland4x4 - Sp\u00e9cialiste Land Rover - Neuf\/Occasion\/M\u00e9canique - Entretien, Pi\u00e8ces d\u00e9tach\u00e9es, v\u00e9hicules d'occasion\",\"isPartOf\":{\"@id\":\"https:\/\/technoland4x4.fr\/#website\"},\"datePublished\":\"2023-09-29T07:16:51+00:00\",\"dateModified\":\"2023-10-25T14:05:22+00:00\",\"description\":\"L\u2019entreprise Technoland est sp\u00e9cialis\u00e9e en Land Rover. Une entreprise de confiance pour suivre votre projet : vente d'occasion, recherche de pi\u00e8ces d\u00e9tach\u00e9es ou entretien.\",\"breadcrumb\":{\"@id\":\"https:\/\/technoland4x4.fr\/index.php\/pieces-unitaires\/#breadcrumb\"},\"inLanguage\":\"fr-FR\",\"potentialAction\":[{\"@type\":\"ReadAction\",\"target\":[\"https:\/\/technoland4x4.fr\/index.php\/pieces-unitaires\/\"]}]},{\"@type\":\"BreadcrumbList\",\"@id\":\"https:\/\/technoland4x4.fr\/index.php\/pieces-unitaires\/#breadcrumb\",\"itemListElement\":[{\"@type\":\"ListItem\",\"position\":1,\"name\":\"Accueil\",\"item\":\"https:\/\/technoland4x4.fr\/\"},{\"@type\":\"ListItem\",\"position\":2,\"name\":\"Pi\u00e8ces unitaires\"}]},{\"@type\":\"WebSite\",\"@id\":\"https:\/\/technoland4x4.fr\/#website\",\"url\":\"https:\/\/technoland4x4.fr\/\",\"name\":\"Technoland4x4\",\"description\":\"L\u2019entreprise Technoland est sp\u00e9cialis\u00e9e en Land Rover. Si vous avez besoin d\u2019une entreprise de confiance pour suivre votre projet et vos v\u00e9hicules, vous \u00eates au bon endroit. Vous trouverez, en ligne, toutes les informations n\u00e9cessaires \u00e0 ne pas manquer.\",\"publisher\":{\"@id\":\"https:\/\/technoland4x4.fr\/#organization\"},\"alternateName\":\"Technoland\",\"potentialAction\":[{\"@type\":\"SearchAction\",\"target\":{\"@type\":\"EntryPoint\",\"urlTemplate\":\"https:\/\/technoland4x4.fr\/?s={search_term_string}\"},\"query-input\":\"required name=search_term_string\"}],\"inLanguage\":\"fr-FR\"},{\"@type\":\"Organization\",\"@id\":\"https:\/\/technoland4x4.fr\/#organization\",\"name\":\"Technoland\",\"alternateName\":\"Technoland\",\"url\":\"https:\/\/technoland4x4.fr\/\",\"logo\":{\"@type\":\"ImageObject\",\"inLanguage\":\"fr-FR\",\"@id\":\"https:\/\/technoland4x4.fr\/#\/schema\/logo\/image\/\",\"url\":\"https:\/\/technoland4x4.fr\/wp-content\/uploads\/2023\/10\/logo-transparent-png.png\",\"contentUrl\":\"https:\/\/technoland4x4.fr\/wp-content\/uploads\/2023\/10\/logo-transparent-png.png\",\"width\":524,\"height\":564,\"caption\":\"Technoland\"},\"image\":{\"@id\":\"https:\/\/technoland4x4.fr\/#\/schema\/logo\/image\/\"},\"sameAs\":[\"https:\/\/www.facebook.com\/people\/Team-Technoland-4x4\/100090991377094\/\"]}]}<\/script>\n<!-- \/ Yoast SEO plugin. -->","yoast_head_json":{"title":"Pi\u00e8ces unitaires - Technoland4x4 - Sp\u00e9cialiste Land Rover - Neuf\/Occasion\/M\u00e9canique - Entretien, Pi\u00e8ces d\u00e9tach\u00e9es, v\u00e9hicules d'occasion","description":"L\u2019entreprise Technoland est sp\u00e9cialis\u00e9e en Land Rover. Une entreprise de confiance pour suivre votre projet : vente d'occasion, recherche de pi\u00e8ces d\u00e9tach\u00e9es ou entretien.","robots":{"index":"index","follow":"follow","max-snippet":"max-snippet:-1","max-image-preview":"max-image-preview:large","max-video-preview":"max-video-preview:-1"},"canonical":"https:\/\/technoland4x4.fr\/index.php\/pieces-unitaires\/","og_locale":"fr_FR","og_type":"article","og_title":"Pi\u00e8ces unitaires - Technoland4x4 - Sp\u00e9cialiste Land Rover - Neuf\/Occasion\/M\u00e9canique - Entretien, Pi\u00e8ces d\u00e9tach\u00e9es, v\u00e9hicules d'occasion","og_description":"L\u2019entreprise Technoland est sp\u00e9cialis\u00e9e en Land Rover. Une entreprise de confiance pour suivre votre projet : vente d'occasion, recherche de pi\u00e8ces d\u00e9tach\u00e9es ou entretien.","og_url":"https:\/\/technoland4x4.fr\/index.php\/pieces-unitaires\/","og_site_name":"Technoland4x4","article_publisher":"https:\/\/www.facebook.com\/people\/Team-Technoland-4x4\/100090991377094\/","article_modified_time":"2023-10-25T14:05:22+00:00","og_image":[{"url":"https:\/\/technoland4x4.fr\/wp-content\/uploads\/2023\/09\/31321-Land-Rover-Defender-19-Zoll-Felgen-Winterreifen-Winterraeder-L8B2-1007-EA-1024x1024.jpg"}],"twitter_card":"summary_large_image","twitter_misc":{"Dur\u00e9e de lecture estim\u00e9e":"3 minutes"},"schema":{"@context":"https:\/\/schema.org","@graph":[{"@type":"WebPage","@id":"https:\/\/technoland4x4.fr\/index.php\/pieces-unitaires\/","url":"https:\/\/technoland4x4.fr\/index.php\/pieces-unitaires\/","name":"Pi\u00e8ces unitaires - Technoland4x4 - Sp\u00e9cialiste Land Rover - Neuf\/Occasion\/M\u00e9canique - Entretien, Pi\u00e8ces d\u00e9tach\u00e9es, v\u00e9hicules d'occasion","isPartOf":{"@id":"https:\/\/technoland4x4.fr\/#website"},"datePublished":"2023-09-29T07:16:51+00:00","dateModified":"2023-10-25T14:05:22+00:00","description":"L\u2019entreprise Technoland est sp\u00e9cialis\u00e9e en Land Rover. Une entreprise de confiance pour suivre votre projet : vente d'occasion, recherche de pi\u00e8ces d\u00e9tach\u00e9es ou entretien.","breadcrumb":{"@id":"https:\/\/technoland4x4.fr\/index.php\/pieces-unitaires\/#breadcrumb"},"inLanguage":"fr-FR","potentialAction":[{"@type":"ReadAction","target":["https:\/\/technoland4x4.fr\/index.php\/pieces-unitaires\/"]}]},{"@type":"BreadcrumbList","@id":"https:\/\/technoland4x4.fr\/index.php\/pieces-unitaires\/#breadcrumb","itemListElement":[{"@type":"ListItem","position":1,"name":"Accueil","item":"https:\/\/technoland4x4.fr\/"},{"@type":"ListItem","position":2,"name":"Pi\u00e8ces unitaires"}]},{"@type":"WebSite","@id":"https:\/\/technoland4x4.fr\/#website","url":"https:\/\/technoland4x4.fr\/","name":"Technoland4x4","description":"L\u2019entreprise Technoland est sp\u00e9cialis\u00e9e en Land Rover. Si vous avez besoin d\u2019une entreprise de confiance pour suivre votre projet et vos v\u00e9hicules, vous \u00eates au bon endroit. Vous trouverez, en ligne, toutes les informations n\u00e9cessaires \u00e0 ne pas manquer.","publisher":{"@id":"https:\/\/technoland4x4.fr\/#organization"},"alternateName":"Technoland","potentialAction":[{"@type":"SearchAction","target":{"@type":"EntryPoint","urlTemplate":"https:\/\/technoland4x4.fr\/?s={search_term_string}"},"query-input":"required name=search_term_string"}],"inLanguage":"fr-FR"},{"@type":"Organization","@id":"https:\/\/technoland4x4.fr\/#organization","name":"Technoland","alternateName":"Technoland","url":"https:\/\/technoland4x4.fr\/","logo":{"@type":"ImageObject","inLanguage":"fr-FR","@id":"https:\/\/technoland4x4.fr\/#\/schema\/logo\/image\/","url":"https:\/\/technoland4x4.fr\/wp-content\/uploads\/2023\/10\/logo-transparent-png.png","contentUrl":"https:\/\/technoland4x4.fr\/wp-content\/uploads\/2023\/10\/logo-transparent-png.png","width":524,"height":564,"caption":"Technoland"},"image":{"@id":"https:\/\/technoland4x4.fr\/#\/schema\/logo\/image\/"},"sameAs":["https:\/\/www.facebook.com\/people\/Team-Technoland-4x4\/100090991377094\/"]}]}},"_links":{"self":[{"href":"https:\/\/technoland4x4.fr\/index.php\/wp-json\/wp\/v2\/pages\/30"}],"collection":[{"href":"https:\/\/technoland4x4.fr\/index.php\/wp-json\/wp\/v2\/pages"}],"about":[{"href":"https:\/\/technoland4x4.fr\/index.php\/wp-json\/wp\/v2\/types\/page"}],"author":[{"embeddable":true,"href":"https:\/\/technoland4x4.fr\/index.php\/wp-json\/wp\/v2\/users\/1"}],"replies":[{"embeddable":true,"href":"https:\/\/technoland4x4.fr\/index.php\/wp-json\/wp\/v2\/comments?post=30"}],"version-history":[{"count":57,"href":"https:\/\/technoland4x4.fr\/index.php\/wp-json\/wp\/v2\/pages\/30\/revisions"}],"predecessor-version":[{"id":840,"href":"https:\/\/technoland4x4.fr\/index.php\/wp-json\/wp\/v2\/pages\/30\/revisions\/840"}],"wp:attachment":[{"href":"https:\/\/technoland4x4.fr\/index.php\/wp-json\/wp\/v2\/media?parent=30"}],"curies":[{"name":"wp","href":"https:\/\/api.w.org\/{rel}","templated":true}]}}