{"id":3,"date":"2023-09-29T07:05:59","date_gmt":"2023-09-29T07:05:59","guid":{"rendered":"https:\/\/technoland4x4.fr\/?page_id=3"},"modified":"2023-10-01T11:27:09","modified_gmt":"2023-10-01T09:27:09","slug":"privacy-policy","status":"publish","type":"page","link":"https:\/\/technoland4x4.fr\/index.php\/privacy-policy\/","title":{"rendered":"Privacy Policy"},"content":{"rendered":"\n<h2 class=\"wp-block-heading\">Qui sommes-nous ?<\/h2>\n\n\n\n<p>L\u2019adresse de notre site Web est\u00a0: https:\/\/technoland4x4.fr. Nous sommes un garage automobile sp\u00e9caliste du Land Rover.<\/p>\n\n\n\n<h2 class=\"wp-block-heading\">Commentaires<\/h2>\n\n\n\n<p>Lorsque les visiteurs laissent des commentaires sur le site, nous recueillons les donn\u00e9es affich\u00e9es dans le formulaire de commentaires, ainsi que l\u2019adresse IP du visiteur et la cha\u00eene d\u2019agent utilisateur du navigateur pour aider \u00e0 la d\u00e9tection du spam.<\/p>\n\n\n\n<p>Une cha\u00eene anonymis\u00e9e cr\u00e9\u00e9e \u00e0 partir de votre adresse e-mail (\u00e9galement appel\u00e9e hachage) peut \u00eatre fournie au service Gravatar pour voir si vous l\u2019utilisez. La politique de confidentialit\u00e9 du service Gravatar est disponible ici&nbsp;: https:\/\/automattic.com\/privacy\/. Apr\u00e8s approbation de votre commentaire, votre photo de profil est visible par le public dans le contexte de votre commentaire.<\/p>\n\n\n\n<h2 class=\"wp-block-heading\">M\u00e9dias<\/h2>\n\n\n\n<p>Si vous t\u00e9l\u00e9chargez des images sur le site Web, vous devez \u00e9viter de t\u00e9l\u00e9charger des images avec des donn\u00e9es de localisation int\u00e9gr\u00e9es (EXIF GPS) incluses. Les visiteurs du site Web peuvent t\u00e9l\u00e9charger et extraire toutes les donn\u00e9es de localisation des images sur le site Web.<\/p>\n\n\n\n<h2 class=\"wp-block-heading\">Cookies<\/h2>\n\n\n\n<p>Si vous laissez un commentaire sur notre site, vous pouvez choisir d\u2019enregistrer votre nom, votre adresse e-mail et votre site Web dans les cookies. Ceux-ci sont pour votre commodit\u00e9 afin que vous n\u2019avez pas \u00e0 remplir vos coordonn\u00e9es \u00e0 nouveau lorsque vous laissez un autre commentaire. Ces cookies dureront un an.<\/p>\n\n\n\n<p>Si vous visitez notre page de connexion, nous configurerons un cookie temporaire pour d\u00e9terminer si votre navigateur accepte les cookies. Ce cookie ne contient aucune donn\u00e9e personnelle et est supprim\u00e9 lorsque vous fermez votre navigateur.<\/p>\n\n\n\n<p>Lorsque vous vous connectez, nous configurons \u00e9galement plusieurs cookies pour enregistrer vos informations de connexion et vos choix d\u2019affichage \u00e0 l\u2019\u00e9cran. Les cookies de connexion durent deux jours, et les cookies d\u2019options d\u2019\u00e9cran durent un an. Si vous s\u00e9lectionnez \u00ab\u00a0Se souvenir de moi\u00a0\u00bb, votre connexion persistera pendant deux semaines. Si vous vous d\u00e9connectez de votre compte, les cookies de connexion seront supprim\u00e9s.<\/p>\n\n\n\n<p>Si vous modifiez ou publiez un article, un cookie suppl\u00e9mentaire sera enregistr\u00e9 dans votre navigateur. Ce cookie ne contient aucune donn\u00e9e personnelle et indique simplement le post ID de l\u2019article que vous venez de modifier. Il expire apr\u00e8s 1 jour.<\/p>\n\n\n\n<h2 class=\"wp-block-heading\">Contenu int\u00e9gr\u00e9 provenant d&rsquo;autres sites Web<\/h2>\n\n\n\n<p>Les articles de ce site peuvent inclure du contenu int\u00e9gr\u00e9 (p. ex., vid\u00e9os, images, articles, etc.). Le contenu int\u00e9gr\u00e9 d\u2019autres sites Web se comporte exactement de la m\u00eame mani\u00e8re que si le visiteur a visit\u00e9 l\u2019autre site Web.<\/p>\n\n\n\n<p>Ces sites Web peuvent collecter des donn\u00e9es vous concernant, utiliser des cookies, int\u00e9grer un suivi tiers suppl\u00e9mentaire et surveiller votre interaction avec ce contenu int\u00e9gr\u00e9, y compris le suivi de votre interaction avec le contenu int\u00e9gr\u00e9 si vous avez un compte et \u00eates connect\u00e9 \u00e0 ce site Web.<\/p>\n\n\n\n<h2 class=\"wp-block-heading\">Avec qui partageons-nous vos donn\u00e9es<\/h2>\n\n\n\n<p>Si vous demandez une r\u00e9initialisation du mot de passe, votre adresse IP sera incluse dans l\u2019e-mail de r\u00e9initialisation.<\/p>\n\n\n\n<h2 class=\"wp-block-heading\">Combien de temps nous conservons vos donn\u00e9es<\/h2>\n\n\n\n<p>Si vous laissez un commentaire, le commentaire et ses m\u00e9tadonn\u00e9es sont conserv\u00e9s ind\u00e9finiment. Cela nous permet de reconna\u00eetre et d\u2019approuver automatiquement les commentaires de suivi au lieu de les conserver dans une file d\u2019attente de mod\u00e9ration.<\/p>\n\n\n\n<p>Pour les utilisateurs qui s\u2019inscrivent sur notre site Web (le cas \u00e9ch\u00e9ant), nous stockons \u00e9galement les informations personnelles qu\u2019ils fournissent dans leur profil d\u2019utilisateur. Tous les utilisateurs peuvent voir, modifier ou supprimer leurs informations personnelles \u00e0 tout moment (sauf qu\u2019ils ne peuvent pas changer leur nom d\u2019utilisateur). Les administrateurs de sites Web peuvent \u00e9galement voir et modifier ces informations.<\/p>\n\n\n\n<h2 class=\"wp-block-heading\">Quels sont vos droits sur vos donn\u00e9es<\/h2>\n\n\n\n<p>Si vous avez un compte sur ce site, ou avez laiss\u00e9 des commentaires, vous pouvez demander \u00e0 recevoir un fichier export\u00e9 des donn\u00e9es personnelles que nous d\u00e9tenons sur vous, y compris toutes les donn\u00e9es que vous nous avez fournies. Vous pouvez \u00e9galement nous demander d\u2019effacer toutes les donn\u00e9es personnelles que nous d\u00e9tenons \u00e0 votre sujet. Cela n\u2019inclut pas les donn\u00e9es que nous sommes tenus de conserver \u00e0 des fins administratives, juridiques ou de s\u00e9curit\u00e9.<\/p>\n\n\n\n<h2 class=\"wp-block-heading\">O\u00f9 sont envoy\u00e9es vos donn\u00e9es<\/h2>\n\n\n\n<p>Les commentaires des visiteurs peuvent \u00eatre v\u00e9rifi\u00e9s par un service automatis\u00e9 de d\u00e9tection de spam.<\/p>\n","protected":false},"excerpt":{"rendered":"<p>Qui sommes-nous ? L\u2019adresse de notre site Web est\u00a0: https:\/\/technoland4x4.fr. Nous sommes un garage automobile sp\u00e9caliste du Land Rover. Commentaires Lorsque les visiteurs laissent des commentaires sur le site, nous recueillons les donn\u00e9es affich\u00e9es dans le formulaire de commentaires, ainsi que l\u2019adresse IP du visiteur et la cha\u00eene d\u2019agent utilisateur du navigateur pour aider \u00e0&hellip;&nbsp;<a href=\"https:\/\/technoland4x4.fr\/index.php\/privacy-policy\/\" class=\"\" rel=\"bookmark\">Lire la suite &raquo;<span class=\"screen-reader-text\">Privacy Policy<\/span><\/a><\/p>\n","protected":false},"author":1,"featured_media":0,"parent":0,"menu_order":0,"comment_status":"closed","ping_status":"open","template":"","meta":{"_monsterinsights_skip_tracking":false,"_monsterinsights_sitenote_active":false,"_monsterinsights_sitenote_note":"","_monsterinsights_sitenote_category":0,"_uf_show_specific_survey":0,"_uf_disable_surveys":false,"neve_meta_sidebar":"","neve_meta_container":"","neve_meta_enable_content_width":"","neve_meta_content_width":0,"neve_meta_title_alignment":"","neve_meta_author_avatar":"","neve_post_elements_order":"","neve_meta_disable_header":"","neve_meta_disable_footer":"","neve_meta_disable_title":"","footnotes":"","_vp_format_video_url":"","_vp_image_focal_point":[]},"yoast_head":"<!-- This site is optimized with the Yoast SEO plugin v21.4 - https:\/\/yoast.com\/wordpress\/plugins\/seo\/ -->\n<title>Privacy Policy - Technoland4x4 - Sp\u00e9cialiste Land Rover - Neuf\/Occasion\/M\u00e9canique<\/title>\n<meta name=\"description\" content=\"Technoland4x4, sp\u00e9cialiste en Land Rover. Nous suivons vos projets : vente d&#039;occasion, recherche de pi\u00e8ces d\u00e9tach\u00e9es ou entretien.\" \/>\n<meta name=\"robots\" content=\"index, follow, max-snippet:-1, max-image-preview:large, max-video-preview:-1\" \/>\n<link rel=\"canonical\" href=\"https:\/\/technoland4x4.fr\/index.php\/privacy-policy\/\" \/>\n<meta property=\"og:locale\" content=\"fr_FR\" \/>\n<meta property=\"og:type\" content=\"article\" \/>\n<meta property=\"og:title\" content=\"Privacy Policy - Technoland4x4 - Sp\u00e9cialiste Land Rover - Neuf\/Occasion\/M\u00e9canique\" \/>\n<meta property=\"og:description\" content=\"Technoland4x4, sp\u00e9cialiste en Land Rover. Nous suivons vos projets : vente d&#039;occasion, recherche de pi\u00e8ces d\u00e9tach\u00e9es ou entretien.\" \/>\n<meta property=\"og:url\" content=\"https:\/\/technoland4x4.fr\/index.php\/privacy-policy\/\" \/>\n<meta property=\"og:site_name\" content=\"Technoland4x4\" \/>\n<meta property=\"article:publisher\" content=\"https:\/\/www.facebook.com\/people\/Team-Technoland-4x4\/100090991377094\/\" \/>\n<meta property=\"article:modified_time\" content=\"2023-10-01T09:27:09+00:00\" \/>\n<meta property=\"og:image\" content=\"https:\/\/technoland4x4.fr\/wp-content\/uploads\/2023\/10\/logo-transparent-png.png\" \/>\n\t<meta property=\"og:image:width\" content=\"524\" \/>\n\t<meta property=\"og:image:height\" content=\"564\" \/>\n\t<meta property=\"og:image:type\" content=\"image\/png\" \/>\n<meta name=\"twitter:card\" content=\"summary_large_image\" \/>\n<meta name=\"twitter:label1\" content=\"Dur\u00e9e de lecture estim\u00e9e\" \/>\n\t<meta name=\"twitter:data1\" content=\"4 minutes\" \/>\n<script type=\"application\/ld+json\" class=\"yoast-schema-graph\">{\"@context\":\"https:\/\/schema.org\",\"@graph\":[{\"@type\":\"WebPage\",\"@id\":\"https:\/\/technoland4x4.fr\/index.php\/privacy-policy\/\",\"url\":\"https:\/\/technoland4x4.fr\/index.php\/privacy-policy\/\",\"name\":\"Privacy Policy - Technoland4x4 - Sp\u00e9cialiste Land Rover - Neuf\/Occasion\/M\u00e9canique\",\"isPartOf\":{\"@id\":\"https:\/\/technoland4x4.fr\/#website\"},\"datePublished\":\"2023-09-29T07:05:59+00:00\",\"dateModified\":\"2023-10-01T09:27:09+00:00\",\"description\":\"Technoland4x4, sp\u00e9cialiste en Land Rover. Nous suivons vos projets : vente d'occasion, recherche de pi\u00e8ces d\u00e9tach\u00e9es ou entretien.\",\"breadcrumb\":{\"@id\":\"https:\/\/technoland4x4.fr\/index.php\/privacy-policy\/#breadcrumb\"},\"inLanguage\":\"fr-FR\",\"potentialAction\":[{\"@type\":\"ReadAction\",\"target\":[\"https:\/\/technoland4x4.fr\/index.php\/privacy-policy\/\"]}]},{\"@type\":\"BreadcrumbList\",\"@id\":\"https:\/\/technoland4x4.fr\/index.php\/privacy-policy\/#breadcrumb\",\"itemListElement\":[{\"@type\":\"ListItem\",\"position\":1,\"name\":\"Accueil\",\"item\":\"https:\/\/technoland4x4.fr\/\"},{\"@type\":\"ListItem\",\"position\":2,\"name\":\"Privacy Policy\"}]},{\"@type\":\"WebSite\",\"@id\":\"https:\/\/technoland4x4.fr\/#website\",\"url\":\"https:\/\/technoland4x4.fr\/\",\"name\":\"Technoland4x4\",\"description\":\"L\u2019entreprise Technoland est sp\u00e9cialis\u00e9e en Land Rover. Si vous avez besoin d\u2019une entreprise de confiance pour suivre votre projet et vos v\u00e9hicules, vous \u00eates au bon endroit. Vous trouverez, en ligne, toutes les informations n\u00e9cessaires \u00e0 ne pas manquer.\",\"publisher\":{\"@id\":\"https:\/\/technoland4x4.fr\/#organization\"},\"alternateName\":\"Technoland\",\"potentialAction\":[{\"@type\":\"SearchAction\",\"target\":{\"@type\":\"EntryPoint\",\"urlTemplate\":\"https:\/\/technoland4x4.fr\/?s={search_term_string}\"},\"query-input\":\"required name=search_term_string\"}],\"inLanguage\":\"fr-FR\"},{\"@type\":\"Organization\",\"@id\":\"https:\/\/technoland4x4.fr\/#organization\",\"name\":\"Technoland\",\"alternateName\":\"Technoland\",\"url\":\"https:\/\/technoland4x4.fr\/\",\"logo\":{\"@type\":\"ImageObject\",\"inLanguage\":\"fr-FR\",\"@id\":\"https:\/\/technoland4x4.fr\/#\/schema\/logo\/image\/\",\"url\":\"https:\/\/technoland4x4.fr\/wp-content\/uploads\/2023\/10\/logo-transparent-png.png\",\"contentUrl\":\"https:\/\/technoland4x4.fr\/wp-content\/uploads\/2023\/10\/logo-transparent-png.png\",\"width\":524,\"height\":564,\"caption\":\"Technoland\"},\"image\":{\"@id\":\"https:\/\/technoland4x4.fr\/#\/schema\/logo\/image\/\"},\"sameAs\":[\"https:\/\/www.facebook.com\/people\/Team-Technoland-4x4\/100090991377094\/\"]}]}<\/script>\n<!-- \/ Yoast SEO plugin. -->","yoast_head_json":{"title":"Privacy Policy - Technoland4x4 - Sp\u00e9cialiste Land Rover - Neuf\/Occasion\/M\u00e9canique","description":"Technoland4x4, sp\u00e9cialiste en Land Rover. Nous suivons vos projets : vente d'occasion, recherche de pi\u00e8ces d\u00e9tach\u00e9es ou entretien.","robots":{"index":"index","follow":"follow","max-snippet":"max-snippet:-1","max-image-preview":"max-image-preview:large","max-video-preview":"max-video-preview:-1"},"canonical":"https:\/\/technoland4x4.fr\/index.php\/privacy-policy\/","og_locale":"fr_FR","og_type":"article","og_title":"Privacy Policy - Technoland4x4 - Sp\u00e9cialiste Land Rover - Neuf\/Occasion\/M\u00e9canique","og_description":"Technoland4x4, sp\u00e9cialiste en Land Rover. Nous suivons vos projets : vente d'occasion, recherche de pi\u00e8ces d\u00e9tach\u00e9es ou entretien.","og_url":"https:\/\/technoland4x4.fr\/index.php\/privacy-policy\/","og_site_name":"Technoland4x4","article_publisher":"https:\/\/www.facebook.com\/people\/Team-Technoland-4x4\/100090991377094\/","article_modified_time":"2023-10-01T09:27:09+00:00","og_image":[{"width":524,"height":564,"url":"https:\/\/technoland4x4.fr\/wp-content\/uploads\/2023\/10\/logo-transparent-png.png","type":"image\/png"}],"twitter_card":"summary_large_image","twitter_misc":{"Dur\u00e9e de lecture estim\u00e9e":"4 minutes"},"schema":{"@context":"https:\/\/schema.org","@graph":[{"@type":"WebPage","@id":"https:\/\/technoland4x4.fr\/index.php\/privacy-policy\/","url":"https:\/\/technoland4x4.fr\/index.php\/privacy-policy\/","name":"Privacy Policy - Technoland4x4 - Sp\u00e9cialiste Land Rover - Neuf\/Occasion\/M\u00e9canique","isPartOf":{"@id":"https:\/\/technoland4x4.fr\/#website"},"datePublished":"2023-09-29T07:05:59+00:00","dateModified":"2023-10-01T09:27:09+00:00","description":"Technoland4x4, sp\u00e9cialiste en Land Rover. Nous suivons vos projets : vente d'occasion, recherche de pi\u00e8ces d\u00e9tach\u00e9es ou entretien.","breadcrumb":{"@id":"https:\/\/technoland4x4.fr\/index.php\/privacy-policy\/#breadcrumb"},"inLanguage":"fr-FR","potentialAction":[{"@type":"ReadAction","target":["https:\/\/technoland4x4.fr\/index.php\/privacy-policy\/"]}]},{"@type":"BreadcrumbList","@id":"https:\/\/technoland4x4.fr\/index.php\/privacy-policy\/#breadcrumb","itemListElement":[{"@type":"ListItem","position":1,"name":"Accueil","item":"https:\/\/technoland4x4.fr\/"},{"@type":"ListItem","position":2,"name":"Privacy Policy"}]},{"@type":"WebSite","@id":"https:\/\/technoland4x4.fr\/#website","url":"https:\/\/technoland4x4.fr\/","name":"Technoland4x4","description":"L\u2019entreprise Technoland est sp\u00e9cialis\u00e9e en Land Rover. Si vous avez besoin d\u2019une entreprise de confiance pour suivre votre projet et vos v\u00e9hicules, vous \u00eates au bon endroit. Vous trouverez, en ligne, toutes les informations n\u00e9cessaires \u00e0 ne pas manquer.","publisher":{"@id":"https:\/\/technoland4x4.fr\/#organization"},"alternateName":"Technoland","potentialAction":[{"@type":"SearchAction","target":{"@type":"EntryPoint","urlTemplate":"https:\/\/technoland4x4.fr\/?s={search_term_string}"},"query-input":"required name=search_term_string"}],"inLanguage":"fr-FR"},{"@type":"Organization","@id":"https:\/\/technoland4x4.fr\/#organization","name":"Technoland","alternateName":"Technoland","url":"https:\/\/technoland4x4.fr\/","logo":{"@type":"ImageObject","inLanguage":"fr-FR","@id":"https:\/\/technoland4x4.fr\/#\/schema\/logo\/image\/","url":"https:\/\/technoland4x4.fr\/wp-content\/uploads\/2023\/10\/logo-transparent-png.png","contentUrl":"https:\/\/technoland4x4.fr\/wp-content\/uploads\/2023\/10\/logo-transparent-png.png","width":524,"height":564,"caption":"Technoland"},"image":{"@id":"https:\/\/technoland4x4.fr\/#\/schema\/logo\/image\/"},"sameAs":["https:\/\/www.facebook.com\/people\/Team-Technoland-4x4\/100090991377094\/"]}]}},"_links":{"self":[{"href":"https:\/\/technoland4x4.fr\/index.php\/wp-json\/wp\/v2\/pages\/3"}],"collection":[{"href":"https:\/\/technoland4x4.fr\/index.php\/wp-json\/wp\/v2\/pages"}],"about":[{"href":"https:\/\/technoland4x4.fr\/index.php\/wp-json\/wp\/v2\/types\/page"}],"author":[{"embeddable":true,"href":"https:\/\/technoland4x4.fr\/index.php\/wp-json\/wp\/v2\/users\/1"}],"replies":[{"embeddable":true,"href":"https:\/\/technoland4x4.fr\/index.php\/wp-json\/wp\/v2\/comments?post=3"}],"version-history":[{"count":1,"href":"https:\/\/technoland4x4.fr\/index.php\/wp-json\/wp\/v2\/pages\/3\/revisions"}],"predecessor-version":[{"id":612,"href":"https:\/\/technoland4x4.fr\/index.php\/wp-json\/wp\/v2\/pages\/3\/revisions\/612"}],"wp:attachment":[{"href":"https:\/\/technoland4x4.fr\/index.php\/wp-json\/wp\/v2\/media?parent=3"}],"curies":[{"name":"wp","href":"https:\/\/api.w.org\/{rel}","templated":true}]}}